{"id":3455,"date":"2015-07-08T15:51:37","date_gmt":"2015-07-08T13:51:37","guid":{"rendered":"https:\/\/www.ioeilmioanimale.com\/?page_id=3455"},"modified":"2018-10-25T17:58:12","modified_gmt":"2018-10-25T15:58:12","slug":"cookie-law","status":"publish","type":"page","link":"https:\/\/www.ioeilmioanimale.com\/it\/cookie-law\/","title":{"rendered":"Cookie Law"},"content":{"rendered":"<p><strong>Cookie Policy<\/strong><\/p>\n<p>Questo sito, di propriet\u00e0 di Della Nesta Srls, impiega cookie.<\/p>\n<p>I cookie sono piccole stringhe di testo che vengono salvate sul computer dell&#8217;utente in seguito all&#8217;accesso al sito web. Queste stringhe, che non contengono alcun codice eseguibile, sono scambiate tra il sito web visitato e il browser di navigazione. Essi vengono impiegati per compiere differenti attivit\u00e0 come autenticazioni automatiche, tenere traccia delle sessioni di navigazione dell&#8217;utente, memorizzare informazioni per migliorare la navigabilit\u00e0 del sito stesso.<\/p>\n<p>Il provvedimento generale dell&#8217;autorit\u00e0 garante della privacy (GU n. 126 del 3 giugno 2014) ha definito due tipologie di cookie:<\/p>\n<p><em>Cookie tecnici<\/em> &#8211; Impiegati ai soli fini di permettere la trasmissione di una comunicazione, di completare un servizio richiesto dall&#8217;utente o di effettuare ricerche statistiche.<\/p>\n<p><em>Cookie di profilazione<\/em> &#8211; Impiegati per registrare il comportamento di un utente e le preferenze manifestate al fine di inviare messaggi pubblicitari in linea con il suo profilo.<\/p>\n<p>I cookie tecnici, quindi fondamentali per l&#8217;impiego del sito stesso ed utilizzati unicamente per la fruizione del medesimo, sono i cookie di sessione impiegati dal Sistema WordPress. Essi vengono impiegati unicamente per tracciare le sessioni di navigazione degli utenti e non vengono mantenuti oltre la sessione stessa.<\/p>\n<p>La disinstallazione di tali cookie \u00e8 effettuabile tramite le scelte di fruizione dei cookie indicate sul proprio browser. Per maggiori informazioni si rimanda all&#8217;ultimo paragrafo della seguente Policy.<\/p>\n<p><strong>Cookie di terza parte <\/strong><\/p>\n<p>In riferimento al suddetto provvedimento si comunica che il sito utilizza differenti tipologie di Cookie forniti da terza parte (soggetto che installa propri cookie per tramite del seguente sito).<\/p>\n<p>Il sito utilizza specifici cookie per effettuare analisi statistiche: i Google Analytics. Questo costituisce uno strumento di analisi web fornito da Google che consente di raccogliere e analizzare le informazioni in forma anonima ed elaborare dei report sulle visite e sui flussi di accesso ad un sito web. Questo strumento viene impiegato per meglio comprendere l&#8217;utilizzo del \u00a0sito e per migliorare l&#8217;esperienza di navigazione dei nostri utenti.<\/p>\n<p>La privacy policy di Google, sulla quale vengono fornite ulteriori informazioni, \u00e8 disponibile al seguente link:<\/p>\n<p><a href=\"http:\/\/www.google.it\/intl\/it\/policies\/privacy\/\" target=\"_blank\" rel=\"nofollow noopener\">http:\/\/www.google.it\/intl\/it\/policies\/privacy\/<\/a><\/p>\n<p>Si informa che sul nostro sito possono essere presenti dei video presentati tramite la piattaforma YouTube. Tali video quando vengono visionati possono rilasciare dei cookie sul suo computer. Le finalit\u00e0 e le specifiche di questi cookie \u00e8 descritta nella medesima informativa per la privacy di Google reperibile al link sopra indicato.<\/p>\n<p>Vengono impiegati Cookie di marketing forniti da AddThis. Essi vengono impiegati nell&#8217;attivit\u00e0 di condivisione sui social network di contenuti del sito e nella attivit\u00e0 promozionale on-line del sito stesso.<\/p>\n<p>La policy di AddThis, nella quale vengono fornite ulteriori informazioni, \u00e8 disponibile al seguente link:<\/p>\n<p><a href=\"http:\/\/www.addthis.com\/privacy\/\" target=\"_blank\" rel=\"nofollow noopener\">http:\/\/www.addthis.com\/privacy<\/a><\/p>\n<p>Il sito impiega il servizio di commento dei contenuti Disqus. Tale servizio pu\u00f2 istallare propri cookie sui terminali degli utenti. Per informazioni riguardanti questi cookie ed il loro impiego si rimanda alla privacy policy di Disqus:<\/p>\n<p><a href=\"https:\/\/help.disqus.com\/customer\/portal\/articles\/466235-use-of-cookies\" target=\"_blank\" rel=\"nofollow noopener\">https:\/\/help.disqus.com\/customer\/portal\/articles\/466235-use-of-cookies<\/a><\/p>\n<p>Vengono impiegati i servizi legati al Social Network facebook. Tali strumenti, i quali possono impiegare specifici cookie, sono impiegati unicamente per permettere l&#8217;interazione tra il nostro sito e facebook. Per ulteriori informazioni a riguardo \u00e8 possibile prendere visione della loro informativa, al seguente link:<\/p>\n<p><a href=\"https:\/\/it-it.facebook.com\/help\/cookies\/\" target=\"_blank\" rel=\"nofollow noopener\">https:\/\/it-it.facebook.com\/help\/cookies\/<\/a><\/p>\n<p><strong>Come impedire l&#8217;impiego dei cookie<\/strong><\/p>\n<p>La maggior parte dei browser internet \u00e8 configurata per accettare i cookie di default. \u00c8 per\u00f2 possibile controllare e disabilitare i cookie attraverso le impostazioni del browser. I cookie vengono, infatti, memorizzati all\u2019interno del browser stesso e, nel caso volesse eliminarli, \u00e8 possibile cancellarli o disabilitare la loro ricezione all&#8217;interno delle aree dedicate alle impostazioni sulla privacy del browser da lei utilizzato. Le ricordiamo per\u00f2 che disabilitare i cookie di navigazione o i cookie funzionali, pu\u00f2 limitare il servizio da noi offerto.<\/p>\n","protected":false},"excerpt":{"rendered":"<p><strong>Cookie Policy<\/strong><\/p>\n<p>Questo sito, di propriet\u00e0 di Della Nesta Srls, impiega cookie.<\/p>\n<p>I cookie sono piccole stringhe di testo che vengono salvate sul computer dell&#8217;utente in seguito all&#8217;accesso al sito &#8230; <br \/><a href=\"https:\/\/www.ioeilmioanimale.com\/it\/cookie-law\/\" class=\"more-link\">Continua<\/a><\/p>\n","protected":false},"author":715,"featured_media":0,"parent":0,"menu_order":0,"comment_status":"closed","ping_status":"closed","template":"","meta":{"_acf_changed":false,"footnotes":""},"class_list":["post-3455","page","type-page","status-publish","hentry"],"acf":[],"_links":{"self":[{"href":"https:\/\/www.ioeilmioanimale.com\/it\/wp-json\/wp\/v2\/pages\/3455"}],"collection":[{"href":"https:\/\/www.ioeilmioanimale.com\/it\/wp-json\/wp\/v2\/pages"}],"about":[{"href":"https:\/\/www.ioeilmioanimale.com\/it\/wp-json\/wp\/v2\/types\/page"}],"author":[{"embeddable":true,"href":"https:\/\/www.ioeilmioanimale.com\/it\/wp-json\/wp\/v2\/users\/715"}],"replies":[{"embeddable":true,"href":"https:\/\/www.ioeilmioanimale.com\/it\/wp-json\/wp\/v2\/comments?post=3455"}],"version-history":[{"count":6,"href":"https:\/\/www.ioeilmioanimale.com\/it\/wp-json\/wp\/v2\/pages\/3455\/revisions"}],"predecessor-version":[{"id":6956,"href":"https:\/\/www.ioeilmioanimale.com\/it\/wp-json\/wp\/v2\/pages\/3455\/revisions\/6956"}],"wp:attachment":[{"href":"https:\/\/www.ioeilmioanimale.com\/it\/wp-json\/wp\/v2\/media?parent=3455"}],"curies":[{"name":"wp","href":"https:\/\/api.w.org\/{rel}","templated":true}]}}