{"id":3401,"date":"2015-07-08T10:48:59","date_gmt":"2015-07-08T08:48:59","guid":{"rendered":"https:\/\/www.ioeilmioanimale.com\/?page_id=3401"},"modified":"2018-10-25T17:58:21","modified_gmt":"2018-10-25T15:58:21","slug":"privacy-policy","status":"publish","type":"page","link":"https:\/\/www.ioeilmioanimale.com\/it\/privacy-policy\/","title":{"rendered":"Privacy Policy"},"content":{"rendered":"<p><strong>Privacy Policy<\/strong> &#8211; Informativa sul trattamento dei dati personali ai sensi dell&#8217;art. 13 del D.Lgs 196\/03<\/p>\n<p><strong>Raccolta di dati personali<\/strong><\/p>\n<p>Tramite questo Sito, di propriet\u00e0 di <a href=\"http:\/\/www.dellanesta.it\/\">Della Nesta Srls<\/a> (a cui si fa riferimento come \u201cDella Nesta\u201d), vengono raccolti e trattati dati personali.<\/p>\n<p>Nella visita del Sito l&#8217;utente pu\u00f2 volontariamente fornire informazioni personali (attraverso la registrazione al sito stesso), quali nome, indirizzo, data di nascita ed e-mail, che vengono in seguito trattati da Della Nesta per le finalit\u00e0 descritte nel successivo paragrafo. Vengono inoltre impiegati strumenti quali Cookie per la raccolta di informazioni sulla navigazione del sito e per altre finalit\u00e0, anche commerciali. Una descrizione dettagliata di questa attivit\u00e0 \u00e8 riportata nel paragrafo &#8220;Cookie Policy&#8221;.<br \/>\nAi sensi dell&#8217;art. 4 del summenzionato Decreto si comunica che i dati personali trattati sono di natura ordinaria.<\/p>\n<p><strong>Finalit\u00e0 di trattamento e natura del consenso\u00a0\u00a0\u00a0\u00a0\u00a0\u00a0 <\/strong><\/p>\n<p>Le informazioni spontaneamente inviate dagli utenti vengono usate per fornire i servizi espressamente richiesti. Nel dettaglio questi verranno impiegati per effettuare la registrazione al sito al fine di accedere ai servizi offerti dallo stesso. Il consenso per tale trattamento \u00e8 obbligatorio per la registrazione al sito e si intende espressa nell&#8217;invio dei dati. Il mancato invio dei dati comporter\u00e0 l&#8217;impossibilit\u00e0 ad iscriversi al sito. In seguito all&#8217;espressione del consenso per attivit\u00e0 di marketing i dati forniti potranno essere impiegati anche per la comunicazione di attivit\u00e0 e promozioni di carattere commerciale. Il consenso per tale trattamento \u00e8 facoltativo e si intende espresso tramite il flag presente all&#8217;interno del form di registrazione. La mancata espressione del consenso, tramite il mancato invio dei dati, render\u00e0 non influir\u00e0 sulla possibilit\u00e0 di registrarsi al sito. In ogni momento sar\u00e0 sua facolt\u00e0 ritirare entrambi i consensi prestatici.<\/p>\n<p><strong>Modifiche alle norme sulla Privacy\u00a0\u00a0\u00a0\u00a0\u00a0 <\/strong><\/p>\n<p>Il Sito, il suo contenuto e le presenti norme sulla Privacy possono essere periodicamente aggiornate o modificate senza preavviso. Eventuali modifiche alla seguente informativa influiranno sul trattamento dei dati raccolti in seguito alla modifica stessa. Si prega dunque di prendere periodicamente visione delle seguenti norme sulla Privacy.<\/p>\n<p><strong>Condivisione dei dati\u00a0\u00a0\u00a0\u00a0\u00a0\u00a0\u00a0\u00a0 <\/strong><\/p>\n<p>I dati personali raccolti tramite il seguente sito possono essere trattati dal personale incaricato del trattamento per la finalit\u00e0 sopra descritta. Per la medesima finalit\u00e0 i dati potrebbero essere comunicati a societ\u00e0 quali quelle che gestiscono il sito o affidatarie dello stesso servizio di Newsletter. Si comunica che tali societ\u00e0 vengono nominate Responsabile del trattamento dei dati da Della Nesta. Un elenco puntuale di tutte le eventuali societ\u00e0 esterne a Della Nesta che abbiano ricevuto comunicazione dei suoi dati personali \u00e8 reperibile presso il Titolare.<\/p>\n<p><strong>Sicurezza<\/strong><\/p>\n<p>Si comunica che i trattamenti dei dati personali sono eseguiti da Della Nesta garantendone la riservatezza e l&#8217;integrit\u00e0. In particolare sono rispettati tutti i requisiti di sicurezza definiti in tale ambito dall&#8217;allegato tecnico del Codice Privacy.<\/p>\n<p><strong>Link ad altri siti web<\/strong><\/p>\n<p>Questo Sito pu\u00f2 contenere riferimenti o collegamenti (\u201clink\u201d) ad altri siti internet non controllati da Della Nesta e rispetto ai quali queste norme sulla Privacy non sono applicabili. Della Nesta non \u00e8 quindi responsabile per il contenuto o per gli eventuali trattamenti di dati personali effettuati in tali siti. Vi consigliamo di esaminare l&#8217;informativa di ogni sito collegato per individuare il possibile trattamento di dati personali.<\/p>\n<p><strong>Diritti dell&#8217;interessato<\/strong><\/p>\n<p>Di seguito riportiamo integralmente i Suoi diritti previsti dal Codice Privacy &#8211; (Art.7-8-9-10 del Decreto Legislativo 30 Giugno 2003 n.196)<\/p>\n<p>Art. 7 (Diritto di accesso ai dati personali ed altri diritti)<\/p>\n<ol>\n<li>L&#8217;interessato ha diritto di ottenere la conferma dell&#8217;esistenza o meno di dati personali che lo riguardano, anche se non ancora registrati, e la loro comunicazione in forma intelligibile.<\/li>\n<li>L&#8217;interessato ha diritto di ottenere l&#8217;indicazione:<\/li>\n<li>a) dell&#8217;origine dei dati personali;<\/li>\n<li>b) delle finalit\u00e0 e modalit\u00e0 del trattamento;<\/li>\n<li>c) della logica applicata in caso di trattamento effettuato con l&#8217;ausilio di strumenti elettronici;<\/li>\n<li>d) degli estremi identificativi del titolare, dei responsabili e del rappresentante designato ai sensi dell&#8217;articolo 5, comma 2;<\/li>\n<li>e) dei soggetti o delle categorie di soggetti ai quali i dati personali possono essere comunicati o che possono venirne a conoscenza in qualit\u00e0 di rappresentante designato nel territorio dello Stato, di responsabili o incaricati.<\/li>\n<li>L&#8217;interessato ha diritto di ottenere:<\/li>\n<li>a) l&#8217;aggiornamento, la rettificazione ovvero, quando vi ha interesse, l&#8217;integrazione dei dati;<\/li>\n<li>b) la cancellazione, la trasformazione in forma anonima o il blocco dei dati trattati in violazione di legge, compresi quelli di cui non \u00e8 necessaria la conservazione in relazione agli scopi per i quali i dati sono stati raccolti o successivamente trattati;<\/li>\n<li>c) l&#8217;attestazione che le operazioni di cui alle lettere a) e b) sono state portate a conoscenza, anche per quanto riguarda il loro contenuto, di coloro ai quali i dati sono stati comunicati o diffusi, eccettuato il caso in cui tale adempimento si rivela impossibile o comporta un impiego di mezzi manifestamente sproporzionato rispetto al diritto tutelato.<\/li>\n<li>L&#8217;interessato ha diritto di opporsi, in tutto o in parte:<\/li>\n<li>a) per motivi legittimi al trattamento dei dati personali che lo riguardano, ancorch\u00e9 pertinenti allo scopo della raccolta;<\/li>\n<li>b) al trattamento di dati personali che lo riguardano a fini di invio di materiale pubblicitario o di vendita diretta o per il compimento di ricerche di mercato o di comunicazione commerciale.<\/li>\n<\/ol>\n<p>Art. 8 (Esercizio dei diritti)<\/p>\n<ol>\n<li>I diritti di cui all&#8217;articolo 7 sono esercitati con richiesta rivolta senza formalit\u00e0 al titolare o al responsabile, anche per il tramite di un incaricato, alla quale \u00e8 fornito idoneo riscontro senza ritardo.<\/li>\n<li>I diritti di cui all&#8217;articolo 7 non possono essere esercitati con richiesta al titolare o al responsabile o con ricorso ai sensi dell&#8217;articolo 145, se i trattamenti di dati personali sono effettuati:<\/li>\n<li>a) in base alle disposizioni del decreto-legge 3 maggio 1991, n. 143, convertito, con modificazioni, dalla legge luglio 1991, n. 197, e successive modificazioni, in materia di riciclaggio;<\/li>\n<li>b) in base alle disposizioni del decreto-legge 31 dicembre 1991, n. 419, convertito, con modificazioni, dalla legge 18 febbraio 1992, n. 172, e successive modificazioni, in materia di sostegno alle vittime di richieste estorsive;<\/li>\n<li>c) da Commissioni parlamentari d&#8217;inchiesta istituite ai sensi dell&#8217;articolo 82 della Costituzione;<\/li>\n<li>d) da un soggetto pubblico, diverso dagli enti pubblici economici, in base ad espressa disposizione di legge, per esclusive finalit\u00e0 inerenti alla politica monetaria e valutaria, al sistema dei pagamenti, al controllo degli intermediari e dei mercati creditizi e finanziari, nonch\u00e9 alla tutela della loro stabilit\u00e0;<\/li>\n<li>d) ai sensi dell&#8217;articolo 24, comma 1, lettera f), limitatamente al periodo durante il quale potrebbe derivarne un pregiudizio effettivo e concreto per lo svolgimento delle investigazioni difensive o per l&#8217;esercizio del diritto in sede giudiziaria;<\/li>\n<li>e) da fornitori di servizi di comunicazione elettronica accessibili al pubblico relativamente a comunicazioni telefoniche in entrata, salvo che possa derivarne un pregiudizio effettivo e concreto per lo svolgimento delle investigazioni difensive di cui alla legge 7 dicembre 2000, n. 397;<\/li>\n<li>f) per ragioni di giustizia, presso uffici giudiziari di ogni ordine e grado o il Consiglio superiore della magistratura o altri organi di autogoverno o il Ministero della giustizia;<\/li>\n<li>g) ai sensi dell&#8217;articolo 53, fermo restando quanto previsto dalla legge 1 aprile 1981, n. 121.<\/li>\n<li>Il Garante, anche su segnalazione dell&#8217;interessato, nei casi di cui al comma 2, lettere a), b), d), e) ed f) provvede nei modi di cui agli articoli 157, 158 e 159 e, nei casi di cui alle lettere c), g) ed h) del medesimo comma, provvede nei modi di cui all&#8217;articolo 160.<\/li>\n<li>L&#8217;esercizio dei diritti di cui all&#8217;articolo 7, quando non riguarda dati di carattere oggettivo, pu\u00f2 avere luogo salvo che concerna la rettificazione o l&#8217;integrazione di dati personali di tipo valutativo, relativi a giudizi, opinioni o ad altri apprezzamenti di tipo soggettivo, nonch\u00e9 l&#8217;indicazione di condotte da tenersi o di decisioni in via di assunzione da parte del titolare del trattamento.<\/li>\n<\/ol>\n<p>Art. 9 (Modalit\u00e0 di esercizio)<\/p>\n<ol>\n<li>La richiesta rivolta al titolare o al responsabile pu\u00f2 essere trasmessa anche mediante lettera raccomandata, telefax o posta elettronica. Il Garante pu\u00f2 individuare altro idoneo sistema in riferimento a nuove soluzioni tecnologiche. Quando riguarda l&#8217;esercizio dei diritti di cui all&#8217;articolo 7, commi 1 e 2, la richiesta pu\u00f2 essere formulata anche oralmente e in tal caso \u00e8 annotata sinteticamente a cura dell&#8217;incaricato o del responsabile.<\/li>\n<li>Nell&#8217;esercizio dei diritti di cui all&#8217;articolo 7 l&#8217;interessato pu\u00f2 conferire, per iscritto, delega o procura a persone fisiche, enti, associazioni od organismi. L&#8217;interessato pu\u00f2, altres\u00ec, farsi assistere da una persona di fiducia.<\/li>\n<li>I diritti di cui all&#8217;articolo 7 riferiti a dati personali concernenti persone decedute possono essere esercitati da chi ha un interesse proprio, o agisce a tutela dell&#8217;interessato o per ragioni familiari meritevoli di protezione.<\/li>\n<li>L&#8217;identit\u00e0 dell&#8217;interessato \u00e8 verificata sulla base di idonei elementi di valutazione, anche mediante atti o documenti disponibili o esibizione o allegazione di copia di un documento di riconoscimento. La persona che agisce per conto dell&#8217;interessato esibisce o allega copia della procura, ovvero della delega sottoscritta in presenza di un incaricato o sottoscritta e presentata unitamente a copia fotostatica non autenticata di un documento di riconoscimento dell&#8217;interessato. Se l&#8217;interessato \u00e8 una persona giuridica, un ente o un&#8217;associazione, la richiesta \u00e8 avanzata dalla persona fisica legittimata in base ai rispettivi statuti od ordinamenti.<\/li>\n<li>La richiesta di cui all&#8217;articolo 7, commi 1 e 2, \u00e8 formulata liberamente e senza costrizioni e pu\u00f2 essere rinnovata, salva l&#8217;esistenza di giustificati motivi, con intervallo non minore di novanta giorni.<\/li>\n<\/ol>\n<p>Art. 10 (Riscontro all&#8217;interessato)<\/p>\n<ol>\n<li>Per garantire l&#8217;effettivo esercizio dei diritti di cui all&#8217;articolo 7 il titolare del trattamento \u00e8 tenuto ad adottare idonee misure volte, in particolare:<\/li>\n<li>a) ad agevolare l&#8217;accesso ai dati personali da parte dell&#8217;interessato, anche attraverso l&#8217;impiego di appositi programmi per elaboratore finalizzati ad un&#8217;accurata selezione dei dati che riguardano singoli interessati identificati o identificabili;<\/li>\n<li>b) a semplificare le modalit\u00e0 e a ridurre i tempi per il riscontro al richiedente, anche nell&#8217;ambito di uffici o servizi preposti alle relazioni con il pubblico.<\/li>\n<li>I dati sono estratti a cura del responsabile o degli incaricati e possono essere comunicati al richiedente anche oralmente, ovvero offerti in visione mediante strumenti elettronici, sempre che in tali casi la comprensione dei dati sia agevole, considerata anche la qualit\u00e0 e la quantit\u00e0 delle informazioni. Se vi \u00e8 richiesta, si provvede alla trasposizione dei dati su supporto cartaceo o informatico, ovvero alla loro trasmissione per via telematica.<\/li>\n<li>Salvo che la richiesta sia riferita ad un particolare trattamento o a specifici dati personali o categorie di dati personali, il riscontro all&#8217;interessato comprende tutti i dati personali che riguardano l&#8217;interessato comunque trattati dal titolare. Se la richiesta \u00e8 rivolta ad un esercente una professione sanitaria o ad un organismo sanitario si osserva la disposizione di cui all&#8217;articolo 84, comma 1.<\/li>\n<li>Quando l&#8217;estrazione dei dati risulta particolarmente difficoltosa il riscontro alla richiesta dell&#8217;interessato pu\u00f2 avvenire anche attraverso l&#8217;esibizione o la consegna in copia di atti e documenti contenenti i dati personali richiesti.<\/li>\n<li>Il diritto di ottenere la comunicazione in forma intelligibile dei dati non riguarda dati personali relativi a terzi, salvo che la scomposizione dei dati trattati o la privazione di alcuni elementi renda incomprensibili i dati personali relativi all&#8217;interessato.<\/li>\n<li>La comunicazione dei dati \u00e8 effettuata in forma intelligibile anche attraverso l&#8217;utilizzo di una grafia comprensibile. In caso di comunicazione di codici o sigle sono forniti, anche mediante gli incaricati, i parametri per la comprensione del relativo significato.<\/li>\n<li>Quando, a seguito della richiesta di cui all&#8217;articolo 7, commi 1 e 2, lettere a), b) e c) non risulta confermata l&#8217;esistenza di dati che riguardano l&#8217;interessato, pu\u00f2 essere chiesto un contributo spese non eccedente i costi effettivamente sopportati per la ricerca effettuata nel caso specifico.<\/li>\n<li>Il contributo di cui al comma 7 non pu\u00f2 comunque superare l&#8217;importo determinato dal Garante con provvedimento di carattere generale, che pu\u00f2 individuarlo forfettariamente in relazione al caso in cui i dati sono trattati con strumenti elettronici e la risposta \u00e8 fornita oralmente. Con il medesimo provvedimento il Garante pu\u00f2 prevedere che il contributo possa essere chiesto quando i dati personali figurano su uno speciale supporto del quale \u00e8 richiesta specificamente la riproduzione, oppure quando, presso uno o pi\u00f9 titolari, si determina un notevole impiego di mezzi in relazione alla complessit\u00e0 o all&#8217;entit\u00e0 delle richieste ed \u00e8 confermata l&#8217;esistenza di dati che riguardano l&#8217;interessato.<\/li>\n<li>Il contributo di cui ai commi 7 e 8 \u00e8 corrisposto anche mediante versamento postale o bancario, ovvero mediante carta di pagamento o di credito, ove possibile all&#8217;atto della ricezione del riscontro e comunque non oltre quindici giorni da tale riscontro.<\/li>\n<\/ol>\n<p><strong>Contatti<\/strong><\/p>\n<p>Per l\u2019esercizio dei Suoi diritti pu\u00f2 rivolgersi al titolare del trattamento.<\/p>\n<p>Il titolare del trattamento dei vostri dati personali \u00e8 Della Nesta Srls, Via XXV Aprile, 12 &#8211; 52100 Arezzo, email:\u00a0info@dellanesta.it<\/p>\n","protected":false},"excerpt":{"rendered":"<p><strong>Privacy Policy<\/strong> &#8211; Informativa sul trattamento dei dati personali ai sensi dell&#8217;art. 13 del D.Lgs 196\/03<\/p>\n<p><strong>Raccolta di dati personali<\/strong><\/p>\n<p>Tramite questo Sito, di propriet\u00e0 di Della Nesta Srls (a &#8230; <br \/><a href=\"https:\/\/www.ioeilmioanimale.com\/it\/privacy-policy\/\" class=\"more-link\">Continua<\/a><\/p>\n","protected":false},"author":715,"featured_media":0,"parent":0,"menu_order":0,"comment_status":"closed","ping_status":"closed","template":"","meta":{"_acf_changed":false,"footnotes":""},"class_list":["post-3401","page","type-page","status-publish","hentry"],"acf":[],"_links":{"self":[{"href":"https:\/\/www.ioeilmioanimale.com\/it\/wp-json\/wp\/v2\/pages\/3401"}],"collection":[{"href":"https:\/\/www.ioeilmioanimale.com\/it\/wp-json\/wp\/v2\/pages"}],"about":[{"href":"https:\/\/www.ioeilmioanimale.com\/it\/wp-json\/wp\/v2\/types\/page"}],"author":[{"embeddable":true,"href":"https:\/\/www.ioeilmioanimale.com\/it\/wp-json\/wp\/v2\/users\/715"}],"replies":[{"embeddable":true,"href":"https:\/\/www.ioeilmioanimale.com\/it\/wp-json\/wp\/v2\/comments?post=3401"}],"version-history":[{"count":6,"href":"https:\/\/www.ioeilmioanimale.com\/it\/wp-json\/wp\/v2\/pages\/3401\/revisions"}],"predecessor-version":[{"id":6959,"href":"https:\/\/www.ioeilmioanimale.com\/it\/wp-json\/wp\/v2\/pages\/3401\/revisions\/6959"}],"wp:attachment":[{"href":"https:\/\/www.ioeilmioanimale.com\/it\/wp-json\/wp\/v2\/media?parent=3401"}],"curies":[{"name":"wp","href":"https:\/\/api.w.org\/{rel}","templated":true}]}}